{"id":1080,"date":"2024-03-28T10:56:58","date_gmt":"2024-03-28T10:56:58","guid":{"rendered":"https:\/\/intasges.com\/accessibilitat\/"},"modified":"2024-06-26T13:33:09","modified_gmt":"2024-06-26T13:33:09","slug":"accessibilitat","status":"publish","type":"page","link":"https:\/\/intasges.com\/ca\/accessibilitat\/","title":{"rendered":"Accessibilitat"},"content":{"rendered":"\t\t<div data-elementor-type=\"wp-page\" data-elementor-id=\"1080\" class=\"elementor elementor-1080 elementor-228\" data-elementor-post-type=\"page\">\n\t\t\t\t<div class=\"elementor-element elementor-element-f80274b e-con-full e-flex e-con e-parent\" data-id=\"f80274b\" data-element_type=\"container\" data-e-type=\"container\">\n\t\t<div class=\"elementor-element elementor-element-b99a943 e-flex e-con-boxed e-con e-child\" data-id=\"b99a943\" data-element_type=\"container\" data-e-type=\"container\" data-settings=\"{&quot;background_background&quot;:&quot;classic&quot;}\">\n\t\t\t\t\t<div class=\"e-con-inner\">\n\t\t\t\t<div class=\"elementor-element elementor-element-74c8b52 elementor-widget elementor-widget-heading\" data-id=\"74c8b52\" data-element_type=\"widget\" data-e-type=\"widget\" data-widget_type=\"heading.default\">\n\t\t\t\t<div class=\"elementor-widget-container\">\n\t\t\t\t\t<h2 class=\"elementor-heading-title elementor-size-default\">accessibilitat<\/h2>\t\t\t\t<\/div>\n\t\t\t\t<\/div>\n\t\t\t\t<div class=\"elementor-element elementor-element-48c15b0 elementor-widget elementor-widget-text-editor\" data-id=\"48c15b0\" data-element_type=\"widget\" data-e-type=\"widget\" data-widget_type=\"text-editor.default\">\n\t\t\t\t<div class=\"elementor-widget-container\">\n\t\t\t\t\t\t\t\t\t<p>\n        Aquesta declaraci\u00f3 d&#8217;accessibilitat s&#8217;aplica al lloc web www.intasges.es\n    <\/p>\n<\/div>\n<div style=\"margin-bottom: 40px;\">\n    <h2>\n        SITUACI\u00d3 DE COMPLIMENT\n    <\/h2>\n    <p> Aquest lloc web \u00e9s parcialment conforme amb l&#8217;RD 1112\/2018 a causa de les excepcions i a la falta de conformitat dels aspectes que s&#8217;indiquen en el seg\u00fcent punt.\n    <\/p>\n<\/div>\n<div style=\"margin-bottom: 40px;\">\n    <h2>\n        CONTINGUT NO ACCESSIBLE\n    <\/h2>\n    <p>\n        El contingut que es recull a continuaci\u00f3 no \u00e9s accessible pel seg\u00fcent:<\/p>\n    <ul>\n        <li>\n            Falta de conformidad con el RD 1112\/2018\n        <\/li>\n\n        <li>\n            Podrien existir alguns aspectes de contrast que no compleixin els m\u00ednims exigits, 3:1, respecte als colors\n            adjacents del fons de\n\n        <\/li>\n        <li>\n            la secci\u00f3 de la web en q\u00fcesti\u00f3. [9 .1.4.11 Contraste no textual]\n        <\/li>\n        <li>\n            Podrien existir alguns elements no textuals no etiquetats correctament [2 .5.3 Etiqueta en el nombre] i\n            [4.1.2 Nom funci\u00f3 i valor]\n        <\/li>\n        <li>\n            Els cercadors busquen autom\u00e0ticament sense necessitat d&#8217;ordenar cap acci\u00f3 per part de l&#8217;usuari [3 .2.2 Al\n            recibir entradas]\n        <\/li>\n        <li>\n            Podrien existir alguns textos en un altre idioma no etiquetats correctament [3 .1.2 Idioma de las partes]\n        <\/li>\n        <li>\n            Podrien existir errors de codi puntuals d&#8217;edici\u00f3 en alguna p\u00e0gina web. [4 .1.1 Procesamiento]\n        <\/li>\n        <li>\n            C\u00e0rrega desproporcionada \u2013 No aplica.\n        <\/li>\n        <li>\n            El contingut no entra dins de l&#8217;\u00e0mbit de la legislaci\u00f3 aplicable.\n        <\/li>\n    <\/ul>\n<\/div>\n<div style=\"margin-bottom: 40px;\">\n    <h2>\n        CONTINGUT NO ACCESSIBLE\n    <\/h2>\n    <p> La present declaraci\u00f3 va ser preparada el 28\/05\/2024. El m\u00e8tode emprat per a preparar la declaraci\u00f3 ha estat una avaluaci\u00f3 manual duta a terme per AVANCEM AMB VOST\u00c8 S.L. (AVANNUBO). La Declaraci\u00f3 d&#8217;Accessibilitat ha estat revisada i actualitzada al 28\/05\/2024. Si desitja posar en el nostre coneixement l&#8217;exist\u00e8ncia d&#8217;un enlla\u00e7 cap a un lloc web amb continguts que considera inadequats o il\u00b7l\u00edcits pot posar-se en contacte amb nosaltres en info@intasges.es.\n    <\/p>\n<\/div>\n<div style=\"margin-bottom: 40px;\">\n    <h2>\n        PROCEDIMENT D&#8217;APLICACI\u00d3\n    <\/h2>\n    <p>\n        Si una vegada realitzada una sol\u00b7licitud d&#8217;informaci\u00f3 accessible o queixa, aquesta hagu\u00e9s estat desestimada, no s&#8217;estigu\u00e9s d&#8217;acord amb la decisi\u00f3 adoptada, o la resposta no compl\u00eds els requisits contemplats en l&#8217;article 12.5, la persona interessada podr\u00e0 iniciar una reclamaci\u00f3. <br>Igualment es podr\u00e0 iniciar una reclamaci\u00f3 en el cas que hagi transcorregut el termini de vint dies h\u00e0bils sense haver obtingut resposta. <br>La reclamaci\u00f3 pot ser presentada trav\u00e9s de la Inst\u00e0ncia Gen\u00e8rica de la Seu electr\u00f2nica del Ministeri d&#8217;Assumptes Econ\u00f2mics i Transformaci\u00f3 Digital, aix\u00ed com en la resta d&#8217;opcions recollides en la Llei 39\/ 2015, d&#8217;1 d&#8217;octubre, del Procediment Administratiu Com\u00fa de les Administracions P\u00fabliques. <br>Les reclamacions seran rebudes i tractades per la Subdirecci\u00f3 General d&#8217;Inspecci\u00f3 de Serveis del Ministeri.\n    <\/p>\n<\/div>\n<div style=\"margin-bottom: 40px;\">\n    <h2>\n        CONTINGUT OPCIONAL\n    <\/h2>\n    <p> Aquest portal est\u00e0 dissenyat per a poder canviar la grand\u00e0ria del text i el color, aix\u00ed com el fons de la p\u00e0gina mitjan\u00e7ant les opcions de configuraci\u00f3 est\u00e0ndard dels navegadors.<br> Si desitja canviar la grand\u00e0ria de lletra del text en els principals navegadors gr\u00e0fics utilitzi els seg\u00fcents men\u00fas:<br><br> Internet Explorer, Mozilla y Firefox: Veure> Grand\u00e0ria del text<br> Opera: Veure> Zoom<br> Safari: Veure > Fer el text m\u00e9s gran<br> Chrome: Controla la p\u00e0gina actual > Grand\u00e0ria del text<br><br> Per a modificar la grand\u00e0ria de tot en la p\u00e0gina:<br> Ctrl + + per a augmentar-ho<br> Ctrl + \u2013 per a disminuir-ho<br> Ctrl + 0 restaura la grand\u00e0ria original del text<br> Si el que vol \u00e9s anul\u00b7lar la fulla d&#8217;estils o modificar el color del text, pot consultar la p\u00e0gina How to Change Text Size or Colors de la WAI, que es pot llegir tradu\u00efda a l&#8217;espanyol en Com canviar la grand\u00e0ria del text o colors?\n    <\/p>\t\t\t\t\t\t\t\t<\/div>\n\t\t\t\t<\/div>\n\t\t\t\t\t<\/div>\n\t\t\t\t<\/div>\n\t\t\t\t<\/div>\n\t\t\t\t<\/div>\n\t\t","protected":false},"excerpt":{"rendered":"<p>accessibilitat Aquesta declaraci\u00f3 d&#8217;accessibilitat s&#8217;aplica al lloc web www.intasges.es SITUACI\u00d3 DE COMPLIMENT Aquest lloc web compleix parcialment amb l&#8217;RD 1112\/2018 [&hellip;]<\/p>\n","protected":false},"author":1,"featured_media":0,"parent":0,"menu_order":0,"comment_status":"closed","ping_status":"closed","template":"","meta":{"site-sidebar-layout":"no-sidebar","site-content-layout":"","ast-site-content-layout":"full-width-container","site-content-style":"default","site-sidebar-style":"default","ast-global-header-display":"","ast-banner-title-visibility":"","ast-main-header-display":"","ast-hfb-above-header-display":"","ast-hfb-below-header-display":"","ast-hfb-mobile-header-display":"","site-post-title":"disabled","ast-breadcrumbs-content":"","ast-featured-img":"disabled","footer-sml-layout":"","theme-transparent-header-meta":"","adv-header-id-meta":"","stick-header-meta":"","header-above-stick-meta":"","header-main-stick-meta":"","header-below-stick-meta":"","astra-migrate-meta-layouts":"default","ast-page-background-enabled":"default","ast-page-background-meta":{"desktop":{"background-color":"var(--ast-global-color-4)","background-image":"","background-repeat":"repeat","background-position":"center center","background-size":"auto","background-attachment":"scroll","background-type":"","background-media":"","overlay-type":"","overlay-color":"","overlay-opacity":"","overlay-gradient":""},"tablet":{"background-color":"","background-image":"","background-repeat":"repeat","background-position":"center center","background-size":"auto","background-attachment":"scroll","background-type":"","background-media":"","overlay-type":"","overlay-color":"","overlay-opacity":"","overlay-gradient":""},"mobile":{"background-color":"","background-image":"","background-repeat":"repeat","background-position":"center center","background-size":"auto","background-attachment":"scroll","background-type":"","background-media":"","overlay-type":"","overlay-color":"","overlay-opacity":"","overlay-gradient":""}},"ast-content-background-meta":{"desktop":{"background-color":"var(--ast-global-color-5)","background-image":"","background-repeat":"repeat","background-position":"center center","background-size":"auto","background-attachment":"scroll","background-type":"","background-media":"","overlay-type":"","overlay-color":"","overlay-opacity":"","overlay-gradient":""},"tablet":{"background-color":"var(--ast-global-color-5)","background-image":"","background-repeat":"repeat","background-position":"center center","background-size":"auto","background-attachment":"scroll","background-type":"","background-media":"","overlay-type":"","overlay-color":"","overlay-opacity":"","overlay-gradient":""},"mobile":{"background-color":"var(--ast-global-color-5)","background-image":"","background-repeat":"repeat","background-position":"center center","background-size":"auto","background-attachment":"scroll","background-type":"","background-media":"","overlay-type":"","overlay-color":"","overlay-opacity":"","overlay-gradient":""}},"footnotes":""},"class_list":["post-1080","page","type-page","status-publish","hentry"],"yoast_head":"<!-- This site is optimized with the Yoast SEO plugin v27.1.1 - https:\/\/yoast.com\/product\/yoast-seo-wordpress\/ -->\n<title>Accessibilitat - Intasges<\/title>\n<meta name=\"robots\" content=\"index, follow, max-snippet:-1, max-image-preview:large, max-video-preview:-1\" \/>\n<link rel=\"canonical\" href=\"https:\/\/intasges.com\/accesibilidad\/\" \/>\n<meta property=\"og:locale\" content=\"ca_ES\" \/>\n<meta property=\"og:type\" content=\"article\" \/>\n<meta property=\"og:title\" content=\"Accessibilitat - Intasges\" \/>\n<meta property=\"og:description\" content=\"accessibilitat Aquesta declaraci\u00f3 d&#8217;accessibilitat s&#8217;aplica al lloc web www.intasges.es SITUACI\u00d3 DE COMPLIMENT Aquest lloc web compleix parcialment amb l&#8217;RD 1112\/2018 [&hellip;]\" \/>\n<meta property=\"og:url\" content=\"https:\/\/intasges.com\/accesibilidad\/\" \/>\n<meta property=\"og:site_name\" content=\"Intasges\" \/>\n<meta property=\"article:modified_time\" content=\"2024-06-26T13:33:09+00:00\" \/>\n<meta name=\"twitter:card\" content=\"summary_large_image\" \/>\n<meta name=\"twitter:label1\" content=\"Temps estimat de lectura\" \/>\n\t<meta name=\"twitter:data1\" content=\"3 minuts\" \/>\n<script type=\"application\/ld+json\" class=\"yoast-schema-graph\">{\"@context\":\"https:\/\/schema.org\",\"@graph\":[{\"@type\":\"WebPage\",\"@id\":\"https:\/\/intasges.com\/accesibilidad\/\",\"url\":\"https:\/\/intasges.com\/accesibilidad\/\",\"name\":\"Accessibilitat - Intasges\",\"isPartOf\":{\"@id\":\"https:\/\/intasges.com\/#website\"},\"datePublished\":\"2024-03-28T10:56:58+00:00\",\"dateModified\":\"2024-06-26T13:33:09+00:00\",\"breadcrumb\":{\"@id\":\"https:\/\/intasges.com\/accesibilidad\/#breadcrumb\"},\"inLanguage\":\"ca\",\"potentialAction\":[{\"@type\":\"ReadAction\",\"target\":[\"https:\/\/intasges.com\/accesibilidad\/\"]}]},{\"@type\":\"BreadcrumbList\",\"@id\":\"https:\/\/intasges.com\/accesibilidad\/#breadcrumb\",\"itemListElement\":[{\"@type\":\"ListItem\",\"position\":1,\"name\":\"Home\",\"item\":\"https:\/\/intasges.com\/ca\/inici\/\"},{\"@type\":\"ListItem\",\"position\":2,\"name\":\"Accessibilitat\"}]},{\"@type\":\"WebSite\",\"@id\":\"https:\/\/intasges.com\/#website\",\"url\":\"https:\/\/intasges.com\/\",\"name\":\"Intasges\",\"description\":\"\",\"potentialAction\":[{\"@type\":\"SearchAction\",\"target\":{\"@type\":\"EntryPoint\",\"urlTemplate\":\"https:\/\/intasges.com\/?s={search_term_string}\"},\"query-input\":{\"@type\":\"PropertyValueSpecification\",\"valueRequired\":true,\"valueName\":\"search_term_string\"}}],\"inLanguage\":\"ca\"}]}<\/script>\n<!-- \/ Yoast SEO plugin. -->","yoast_head_json":{"title":"Accessibilitat - Intasges","robots":{"index":"index","follow":"follow","max-snippet":"max-snippet:-1","max-image-preview":"max-image-preview:large","max-video-preview":"max-video-preview:-1"},"canonical":"https:\/\/intasges.com\/accesibilidad\/","og_locale":"ca_ES","og_type":"article","og_title":"Accessibilitat - Intasges","og_description":"accessibilitat Aquesta declaraci\u00f3 d&#8217;accessibilitat s&#8217;aplica al lloc web www.intasges.es SITUACI\u00d3 DE COMPLIMENT Aquest lloc web compleix parcialment amb l&#8217;RD 1112\/2018 [&hellip;]","og_url":"https:\/\/intasges.com\/accesibilidad\/","og_site_name":"Intasges","article_modified_time":"2024-06-26T13:33:09+00:00","twitter_card":"summary_large_image","twitter_misc":{"Temps estimat de lectura":"3 minuts"},"schema":{"@context":"https:\/\/schema.org","@graph":[{"@type":"WebPage","@id":"https:\/\/intasges.com\/accesibilidad\/","url":"https:\/\/intasges.com\/accesibilidad\/","name":"Accessibilitat - Intasges","isPartOf":{"@id":"https:\/\/intasges.com\/#website"},"datePublished":"2024-03-28T10:56:58+00:00","dateModified":"2024-06-26T13:33:09+00:00","breadcrumb":{"@id":"https:\/\/intasges.com\/accesibilidad\/#breadcrumb"},"inLanguage":"ca","potentialAction":[{"@type":"ReadAction","target":["https:\/\/intasges.com\/accesibilidad\/"]}]},{"@type":"BreadcrumbList","@id":"https:\/\/intasges.com\/accesibilidad\/#breadcrumb","itemListElement":[{"@type":"ListItem","position":1,"name":"Home","item":"https:\/\/intasges.com\/ca\/inici\/"},{"@type":"ListItem","position":2,"name":"Accessibilitat"}]},{"@type":"WebSite","@id":"https:\/\/intasges.com\/#website","url":"https:\/\/intasges.com\/","name":"Intasges","description":"","potentialAction":[{"@type":"SearchAction","target":{"@type":"EntryPoint","urlTemplate":"https:\/\/intasges.com\/?s={search_term_string}"},"query-input":{"@type":"PropertyValueSpecification","valueRequired":true,"valueName":"search_term_string"}}],"inLanguage":"ca"}]}},"_links":{"self":[{"href":"https:\/\/intasges.com\/ca\/wp-json\/wp\/v2\/pages\/1080","targetHints":{"allow":["GET"]}}],"collection":[{"href":"https:\/\/intasges.com\/ca\/wp-json\/wp\/v2\/pages"}],"about":[{"href":"https:\/\/intasges.com\/ca\/wp-json\/wp\/v2\/types\/page"}],"author":[{"embeddable":true,"href":"https:\/\/intasges.com\/ca\/wp-json\/wp\/v2\/users\/1"}],"replies":[{"embeddable":true,"href":"https:\/\/intasges.com\/ca\/wp-json\/wp\/v2\/comments?post=1080"}],"version-history":[{"count":6,"href":"https:\/\/intasges.com\/ca\/wp-json\/wp\/v2\/pages\/1080\/revisions"}],"predecessor-version":[{"id":1244,"href":"https:\/\/intasges.com\/ca\/wp-json\/wp\/v2\/pages\/1080\/revisions\/1244"}],"wp:attachment":[{"href":"https:\/\/intasges.com\/ca\/wp-json\/wp\/v2\/media?parent=1080"}],"curies":[{"name":"wp","href":"https:\/\/api.w.org\/{rel}","templated":true}]}}