{"id":1084,"date":"2024-03-28T10:54:04","date_gmt":"2024-03-28T10:54:04","guid":{"rendered":"https:\/\/intasges.com\/avis-legal\/"},"modified":"2025-04-22T12:03:31","modified_gmt":"2025-04-22T12:03:31","slug":"avis-legal","status":"publish","type":"page","link":"https:\/\/intasges.com\/ca\/avis-legal\/","title":{"rendered":"Av\u00eds Legal"},"content":{"rendered":"\t\t<div data-elementor-type=\"wp-page\" data-elementor-id=\"1084\" class=\"elementor elementor-1084 elementor-227\" data-elementor-post-type=\"page\">\n\t\t\t\t<div class=\"elementor-element elementor-element-e9c3aa1 e-con-full e-flex e-con e-parent\" data-id=\"e9c3aa1\" data-element_type=\"container\" data-e-type=\"container\">\n\t\t<div class=\"elementor-element elementor-element-7551abe e-flex e-con-boxed e-con e-child\" data-id=\"7551abe\" data-element_type=\"container\" data-e-type=\"container\" data-settings=\"{&quot;background_background&quot;:&quot;classic&quot;}\">\n\t\t\t\t\t<div class=\"e-con-inner\">\n\t\t\t\t<div class=\"elementor-element elementor-element-a45f8a7 elementor-widget elementor-widget-heading\" data-id=\"a45f8a7\" data-element_type=\"widget\" data-e-type=\"widget\" data-widget_type=\"heading.default\">\n\t\t\t\t<div class=\"elementor-widget-container\">\n\t\t\t\t\t<h2 class=\"elementor-heading-title elementor-size-default\">aviso legaL<\/h2>\t\t\t\t<\/div>\n\t\t\t\t<\/div>\n\t\t\t\t<div class=\"elementor-element elementor-element-1c58579 elementor-widget elementor-widget-text-editor\" data-id=\"1c58579\" data-element_type=\"widget\" data-e-type=\"widget\" data-widget_type=\"text-editor.default\">\n\t\t\t\t<div class=\"elementor-widget-container\">\n\t\t\t\t\t\t\t\t\t<p>En compliment de la Llei 34\/2002, d&#8217;11 de juliol, de Serveis de la Societat de la Informaci\u00f3 i de Comer\u00e7 Electr\u00f2nic (*LSSI-CE), l&#8217;empresa l&#8217;informa que \u00e9s titular del lloc web. D&#8217;acord amb l&#8217;exig\u00e8ncia de l&#8217;article 10 de la citada Llei, informa de les seg\u00fcents dades:<\/p><p>El titular d&#8217;aquest lloc web \u00e9s:<\/p><table><tbody><tr><td width=\"151\"><p>Nom de l&#8217;empresa<\/p><\/td><td width=\"415\"><p>INTASGES, SLP<\/p><\/td><\/tr><tr><td width=\"151\"><p>B60985686<\/p><\/td><td width=\"415\"><p>B60985686<\/p><\/td><\/tr><tr><td width=\"151\"><p>Carrer<\/p><\/td><td width=\"415\"><p>CARRER FLORIDABANCA 136 1\u00ba2\u00ba<\/p><\/td><\/tr><tr><td width=\"151\"><p>Codi Postal<\/p><\/td><td width=\"415\"><p>08011<\/p><\/td><\/tr><tr><td width=\"151\"><p>Localitat<\/p><\/td><td width=\"415\"><p>BARCELONA<\/p><\/td><\/tr><tr><td width=\"151\"><p>Prov\u00edncia<\/p><\/td><td width=\"415\"><p>BARCELONA<\/p><\/td><\/tr><tr><td width=\"151\"><p>Inscripci\u00f3 en el registre mercantil<\/p><\/td><td width=\"415\"><p> <\/p><\/td><\/tr><\/tbody><\/table><h3><strong><br><\/strong>USUARIS<\/h3><p>L&#8217;acc\u00e9s i\/o \u00fas d&#8217;aquest portal li atribueix la condici\u00f3 d&#8217;USUARI, que accepta, des d&#8217;aquest acc\u00e9s i\/o \u00fas, les Condicions Generals d&#8217;\u00das aqu\u00ed reflectides. Les citades Condicions seran aplicable independentment de les Condicions Generals de Contractaci\u00f3 que si \u00e9s el cas resultin d&#8217;obligat compliment.<\/p><h3><strong><br><\/strong>\u00daS DEL PORTAL<\/h3><p>La p\u00e0gina web proporciona l&#8217;acc\u00e9s a multitud d&#8217;informacions, serveis, programes o dades (d&#8217;ara endavant, &#8220;els continguts&#8221;) en Internet pertanyents a INTASGES, SLP o als seus llicenciadors als quals l&#8217;USUARI pugui tenir acc\u00e9s. L&#8217;USUARI assumeix la responsabilitat de l&#8217;\u00fas del portal. Aquesta responsabilitat s&#8217;est\u00e9n al registre que fos necessari per a accedir a determinats serveis o continguts.<\/p><p>En aquest registre l&#8217;USUARI ser\u00e0 responsable d&#8217;aportar informaci\u00f3 vera\u00e7 i l\u00edcita. A conseq\u00fc\u00e8ncia d&#8217;aquest registre, a l&#8217;USUARI se li pot proporcionar una contrasenya de la qual ser\u00e0 responsable, comprometent-se a fer un \u00fas diligent i confidencial d&#8217;aquesta. L&#8217;USUARI es compromet a fer un \u00fas adequat dels continguts i serveis que *INTASGES, *SLP ofereix a trav\u00e9s del seu portal i amb car\u00e0cter enunciatiu, per\u00f2 no limitatiu, a no emprar-los per a:<\/p><ol><li>inc\u00f3rrer en activitats il\u00b7l\u00edcites, il\u00b7legals o contr\u00e0ries a la bona fe i a l&#8217;ordre p\u00fablic<\/li><li>difondre continguts o propaganda de car\u00e0cter racista, xen\u00f2fob, pornogr\u00e0fic-il\u00b7legal, d&#8217;apologia del terrorisme o atemptatori contra els drets humans<\/li><li>provocar danys en els sistemes f\u00edsics i l\u00f2gics de INTASGES, SLP , dels seus prove\u00efdors o de terceres persones, introduir o difondre en la xarxa virus inform\u00e0tics o qualssevol altres sistemes f\u00edsics o l\u00f2gics que siguin susceptibles de provocar els danys anteriorment esmentats;<\/li><li>intentar accedir i, si \u00e9s el cas, utilitzar els comptes de correu electr\u00f2nic d&#8217;altres usuaris i modificar manipular els seus missatges. INTASGES, SLP es reserva el dret de retirar tots aquells comentaris i aportacions que vulnerin el respecte a la dignitat de la persona, que siguin discriminatoris, xen\u00f2fobs, racistes, pornogr\u00e0fics, que atemptin contra la joventut o la inf\u00e0ncia, l&#8217;ordre o la seguretat p\u00fablica o que, al seu judici, no resultessin adequats per a la seva publicaci\u00f3. En qualsevol cas, INTASGES, SLP no ser\u00e0 responsable de les opinions abocades pels usuaris a trav\u00e9s dels f\u00f2rums, xats, o altres eines de participaci\u00f3.<\/li><\/ol><h3><strong><br><\/strong>PROPIETAT INTEL\u00b7LECTUAL I INDUSTRIAL<\/h3><p>INTASGES, SLP ser\u00e0 titular de tots els drets de propietat intel\u00b7lectual i industrial de la seva p\u00e0gina web, aix\u00ed com dels elements continguts en la mateixa (a t\u00edtol enunciatiu, imatges, so, \u00e0udio, v\u00eddeo, programari o textos; marques o logotips, combinacions de colors, estructura i disseny, selecci\u00f3 de materials usats, programes d&#8217;ordinador necessaris per al seu funcionament, acc\u00e9s i \u00fas, etc.).<\/p><p>Tots els drets reservats. En virtut del que es disposa en els articles 8 i 32.1, par\u00e0graf segon, de la Llei de Propietat Intel\u00b7lectual, queden expressament prohibides la reproducci\u00f3, la distribuci\u00f3 i la comunicaci\u00f3 p\u00fablica, inclosa la seva modalitat de posada a disposici\u00f3, de la totalitat o part dels continguts d&#8217;aquesta p\u00e0gina web, amb finalitats comercials, en qualsevol suport i per qualsevol mitj\u00e0 t\u00e8cnic, sense l&#8217;autoritzaci\u00f3 de INTASGES, SLP . L&#8217;USUARI es compromet a respectar els drets de Propietat Intel\u00b7lectual i Industrial titularitat de INTASGES, SLP . Podr\u00e0 visualitzar els elements del portal i fins i tot imprimir-los, copiar-los i emmagatzemar-los en el disc dur del seu ordinador o en qualsevol altre suport f\u00edsic sempre que sigui, exclusivament, per al seu \u00fas personal i privat. L&#8217;USUARI haur\u00e0 d&#8217;abstenir-se de suprimir, alterar, eludir o manipular qualsevol dispositiu de protecci\u00f3 o sistema de seguretat que estigu\u00e9s instal\u00b7lat en el les p\u00e0gines de INTASGES, SLP .<br><br><\/p><h3>EXCLUSI\u00d3 DE GARANTIES I RESPONSABILITAT<\/h3><p>INTASGES, SLP no es fa responsable, en cap cas, dels danys i perjudicis de qualsevol naturalesa que poguessin ocasionar, a t\u00edtol enunciatiu: errors o omissions en els continguts, falta de disponibilitat del portal o la transmissi\u00f3 de virus o programes maliciosos o lesius en els continguts, malgrat haver adoptat totes les mesures tecnol\u00f2giques necess\u00e0ries per a evitar-ho.<br><br><\/p><h3>MODIFICACIONS<\/h3><p>INTASGES, SLP es reserva el dret d&#8217;efectuar sense previ av\u00eds les modificacions que consideri oportunes en el seu portal, podent canviar, suprimir o afegir tant els continguts i serveis que es prestin a trav\u00e9s de la mateixa com la forma en la qual aquests apareguin presentats o localitzats en el seu portal.<br><br><\/p><h3>ENLLA\u00c7OS<\/h3><p>En el cas que en la p\u00e0gina web es disposessin enlla\u00e7os o enlla\u00e7os feia altres llocs d&#8217;Internet, INTASGES, SLP no exercir\u00e0 cap mena de control sobre aquests llocs i continguts. En cap cas INTASGES, SLP assumir\u00e0 cap responsabilitat pels continguts d&#8217;algun enlla\u00e7 pertanyent a un lloc web ali\u00e8, ni garantir\u00e0 la disponibilitat t\u00e8cnica, qualitat, fiabilitat, exactitud, amplitud, veracitat, validesa i constitucionalitat de qualsevol material o informaci\u00f3 continguda en cap d&#8217;aquests enlla\u00e7os o altres llocs d&#8217;Internet.<\/p><p>Igualment, la inclusi\u00f3 d&#8217;aquestes connexions externes no implicar\u00e0 cap mena d&#8217;associaci\u00f3, fusi\u00f3 o participaci\u00f3 amb les entitats connectades.<br><br><\/p><h3>DRET D&#8217;EXCLUSI\u00d3<\/h3><p>INTASGES, SLP es reserva el dret a denegar o retirar l&#8217;acc\u00e9s a portal i\/o els serveis oferts sense necessitat de preav\u00eds, a inst\u00e0ncia pr\u00f2pia o d&#8217;un tercer, a aquells usuaris que incompleixin les presents Condicions Generals d&#8217;\u00das.<br><br><\/p><h3>GENERALITATS<\/h3><p>INTASGES, SLP perseguir\u00e0 l&#8217;incompliment de les presents condicions, aix\u00ed com qualsevol utilitzaci\u00f3 indeguda del seu portal exercint totes les accions civils i penals que li puguin correspondre en dret.<br><br><\/p><h3>MODIFICACI\u00d3 DE LES PRESENTS CONDICIONS I DURADA<\/h3><p>INTASGES, SLP podr\u00e0 modificar en qualsevol moment les condicions aqu\u00ed determinades, sent degudament publicades com aqu\u00ed apareixen.<br>La vig\u00e8ncia de les citades condicions anir\u00e0 en funci\u00f3 de la seva exposici\u00f3 i estaran vigents fins que siguin modificades per unes altres degudament publicades.<\/p><h3><strong><br><\/strong>LEGISLACI\u00d3 APLICABLE I JURISDICCI\u00d3<\/h3><p>La relaci\u00f3 entre INTASGES, SLP i l&#8217;USUARI es regir\u00e0 per la normativa espanyola vigent i qualsevol controv\u00e8rsia se sotmetr\u00e0 als Jutjats i tribunals de la ciutat anteriorment indicada.<\/p>\t\t\t\t\t\t\t\t<\/div>\n\t\t\t\t<\/div>\n\t\t\t\t\t<\/div>\n\t\t\t\t<\/div>\n\t\t\t\t<\/div>\n\t\t\t\t<\/div>\n\t\t","protected":false},"excerpt":{"rendered":"<p>aviso legaL En compliment de la Llei 34\/2002, d&#8217;11 de juliol, de Serveis de la Societat de la Informaci\u00f3 i [&hellip;]<\/p>\n","protected":false},"author":1,"featured_media":0,"parent":0,"menu_order":0,"comment_status":"closed","ping_status":"closed","template":"","meta":{"site-sidebar-layout":"no-sidebar","site-content-layout":"","ast-site-content-layout":"full-width-container","site-content-style":"default","site-sidebar-style":"default","ast-global-header-display":"","ast-banner-title-visibility":"","ast-main-header-display":"","ast-hfb-above-header-display":"","ast-hfb-below-header-display":"","ast-hfb-mobile-header-display":"","site-post-title":"disabled","ast-breadcrumbs-content":"","ast-featured-img":"disabled","footer-sml-layout":"","theme-transparent-header-meta":"","adv-header-id-meta":"","stick-header-meta":"","header-above-stick-meta":"","header-main-stick-meta":"","header-below-stick-meta":"","astra-migrate-meta-layouts":"default","ast-page-background-enabled":"default","ast-page-background-meta":{"desktop":{"background-color":"var(--ast-global-color-4)","background-image":"","background-repeat":"repeat","background-position":"center center","background-size":"auto","background-attachment":"scroll","background-type":"","background-media":"","overlay-type":"","overlay-color":"","overlay-opacity":"","overlay-gradient":""},"tablet":{"background-color":"","background-image":"","background-repeat":"repeat","background-position":"center center","background-size":"auto","background-attachment":"scroll","background-type":"","background-media":"","overlay-type":"","overlay-color":"","overlay-opacity":"","overlay-gradient":""},"mobile":{"background-color":"","background-image":"","background-repeat":"repeat","background-position":"center center","background-size":"auto","background-attachment":"scroll","background-type":"","background-media":"","overlay-type":"","overlay-color":"","overlay-opacity":"","overlay-gradient":""}},"ast-content-background-meta":{"desktop":{"background-color":"var(--ast-global-color-5)","background-image":"","background-repeat":"repeat","background-position":"center center","background-size":"auto","background-attachment":"scroll","background-type":"","background-media":"","overlay-type":"","overlay-color":"","overlay-opacity":"","overlay-gradient":""},"tablet":{"background-color":"var(--ast-global-color-5)","background-image":"","background-repeat":"repeat","background-position":"center center","background-size":"auto","background-attachment":"scroll","background-type":"","background-media":"","overlay-type":"","overlay-color":"","overlay-opacity":"","overlay-gradient":""},"mobile":{"background-color":"var(--ast-global-color-5)","background-image":"","background-repeat":"repeat","background-position":"center center","background-size":"auto","background-attachment":"scroll","background-type":"","background-media":"","overlay-type":"","overlay-color":"","overlay-opacity":"","overlay-gradient":""}},"footnotes":""},"class_list":["post-1084","page","type-page","status-publish","hentry"],"yoast_head":"<!-- This site is optimized with the Yoast SEO plugin v27.1.1 - https:\/\/yoast.com\/product\/yoast-seo-wordpress\/ -->\n<title>Av\u00eds Legal - Intasges<\/title>\n<meta name=\"robots\" content=\"index, follow, max-snippet:-1, max-image-preview:large, max-video-preview:-1\" \/>\n<link rel=\"canonical\" href=\"https:\/\/intasges.com\/ca\/avis-legal\/\" \/>\n<meta property=\"og:locale\" content=\"ca_ES\" \/>\n<meta property=\"og:type\" content=\"article\" \/>\n<meta property=\"og:title\" content=\"Av\u00eds Legal - Intasges\" \/>\n<meta property=\"og:description\" content=\"aviso legaL En compliment de la Llei 34\/2002, d&#8217;11 de juliol, de Serveis de la Societat de la Informaci\u00f3 i [&hellip;]\" \/>\n<meta property=\"og:url\" content=\"https:\/\/intasges.com\/ca\/avis-legal\/\" \/>\n<meta property=\"og:site_name\" content=\"Intasges\" \/>\n<meta property=\"article:modified_time\" content=\"2025-04-22T12:03:31+00:00\" \/>\n<meta name=\"twitter:card\" content=\"summary_large_image\" \/>\n<meta name=\"twitter:label1\" content=\"Temps estimat de lectura\" \/>\n\t<meta name=\"twitter:data1\" content=\"7 minuts\" \/>\n<script type=\"application\/ld+json\" class=\"yoast-schema-graph\">{\"@context\":\"https:\/\/schema.org\",\"@graph\":[{\"@type\":\"WebPage\",\"@id\":\"https:\/\/intasges.com\/ca\/avis-legal\/\",\"url\":\"https:\/\/intasges.com\/ca\/avis-legal\/\",\"name\":\"Av\u00eds Legal - Intasges\",\"isPartOf\":{\"@id\":\"https:\/\/intasges.com\/#website\"},\"datePublished\":\"2024-03-28T10:54:04+00:00\",\"dateModified\":\"2025-04-22T12:03:31+00:00\",\"breadcrumb\":{\"@id\":\"https:\/\/intasges.com\/ca\/avis-legal\/#breadcrumb\"},\"inLanguage\":\"ca\",\"potentialAction\":[{\"@type\":\"ReadAction\",\"target\":[\"https:\/\/intasges.com\/ca\/avis-legal\/\"]}]},{\"@type\":\"BreadcrumbList\",\"@id\":\"https:\/\/intasges.com\/ca\/avis-legal\/#breadcrumb\",\"itemListElement\":[{\"@type\":\"ListItem\",\"position\":1,\"name\":\"Home\",\"item\":\"https:\/\/intasges.com\/ca\/inici\/\"},{\"@type\":\"ListItem\",\"position\":2,\"name\":\"Av\u00eds Legal\"}]},{\"@type\":\"WebSite\",\"@id\":\"https:\/\/intasges.com\/#website\",\"url\":\"https:\/\/intasges.com\/\",\"name\":\"Intasges\",\"description\":\"\",\"potentialAction\":[{\"@type\":\"SearchAction\",\"target\":{\"@type\":\"EntryPoint\",\"urlTemplate\":\"https:\/\/intasges.com\/?s={search_term_string}\"},\"query-input\":{\"@type\":\"PropertyValueSpecification\",\"valueRequired\":true,\"valueName\":\"search_term_string\"}}],\"inLanguage\":\"ca\"}]}<\/script>\n<!-- \/ Yoast SEO plugin. -->","yoast_head_json":{"title":"Av\u00eds Legal - Intasges","robots":{"index":"index","follow":"follow","max-snippet":"max-snippet:-1","max-image-preview":"max-image-preview:large","max-video-preview":"max-video-preview:-1"},"canonical":"https:\/\/intasges.com\/ca\/avis-legal\/","og_locale":"ca_ES","og_type":"article","og_title":"Av\u00eds Legal - Intasges","og_description":"aviso legaL En compliment de la Llei 34\/2002, d&#8217;11 de juliol, de Serveis de la Societat de la Informaci\u00f3 i [&hellip;]","og_url":"https:\/\/intasges.com\/ca\/avis-legal\/","og_site_name":"Intasges","article_modified_time":"2025-04-22T12:03:31+00:00","twitter_card":"summary_large_image","twitter_misc":{"Temps estimat de lectura":"7 minuts"},"schema":{"@context":"https:\/\/schema.org","@graph":[{"@type":"WebPage","@id":"https:\/\/intasges.com\/ca\/avis-legal\/","url":"https:\/\/intasges.com\/ca\/avis-legal\/","name":"Av\u00eds Legal - Intasges","isPartOf":{"@id":"https:\/\/intasges.com\/#website"},"datePublished":"2024-03-28T10:54:04+00:00","dateModified":"2025-04-22T12:03:31+00:00","breadcrumb":{"@id":"https:\/\/intasges.com\/ca\/avis-legal\/#breadcrumb"},"inLanguage":"ca","potentialAction":[{"@type":"ReadAction","target":["https:\/\/intasges.com\/ca\/avis-legal\/"]}]},{"@type":"BreadcrumbList","@id":"https:\/\/intasges.com\/ca\/avis-legal\/#breadcrumb","itemListElement":[{"@type":"ListItem","position":1,"name":"Home","item":"https:\/\/intasges.com\/ca\/inici\/"},{"@type":"ListItem","position":2,"name":"Av\u00eds Legal"}]},{"@type":"WebSite","@id":"https:\/\/intasges.com\/#website","url":"https:\/\/intasges.com\/","name":"Intasges","description":"","potentialAction":[{"@type":"SearchAction","target":{"@type":"EntryPoint","urlTemplate":"https:\/\/intasges.com\/?s={search_term_string}"},"query-input":{"@type":"PropertyValueSpecification","valueRequired":true,"valueName":"search_term_string"}}],"inLanguage":"ca"}]}},"_links":{"self":[{"href":"https:\/\/intasges.com\/ca\/wp-json\/wp\/v2\/pages\/1084","targetHints":{"allow":["GET"]}}],"collection":[{"href":"https:\/\/intasges.com\/ca\/wp-json\/wp\/v2\/pages"}],"about":[{"href":"https:\/\/intasges.com\/ca\/wp-json\/wp\/v2\/types\/page"}],"author":[{"embeddable":true,"href":"https:\/\/intasges.com\/ca\/wp-json\/wp\/v2\/users\/1"}],"replies":[{"embeddable":true,"href":"https:\/\/intasges.com\/ca\/wp-json\/wp\/v2\/comments?post=1084"}],"version-history":[{"count":8,"href":"https:\/\/intasges.com\/ca\/wp-json\/wp\/v2\/pages\/1084\/revisions"}],"predecessor-version":[{"id":1300,"href":"https:\/\/intasges.com\/ca\/wp-json\/wp\/v2\/pages\/1084\/revisions\/1300"}],"wp:attachment":[{"href":"https:\/\/intasges.com\/ca\/wp-json\/wp\/v2\/media?parent=1084"}],"curies":[{"name":"wp","href":"https:\/\/api.w.org\/{rel}","templated":true}]}}