{"id":1094,"date":"2024-03-28T10:53:20","date_gmt":"2024-03-28T10:53:20","guid":{"rendered":"https:\/\/intasges.com\/politica-de-privacitat\/"},"modified":"2025-04-22T12:21:58","modified_gmt":"2025-04-22T12:21:58","slug":"politica-de-privacitat","status":"publish","type":"page","link":"https:\/\/intasges.com\/ca\/politica-de-privacitat\/","title":{"rendered":"Pol\u00edtica de Privacitat"},"content":{"rendered":"\t\t<div data-elementor-type=\"wp-page\" data-elementor-id=\"1094\" class=\"elementor elementor-1094 elementor-223\" data-elementor-post-type=\"page\">\n\t\t\t\t<div class=\"elementor-element elementor-element-26275a0 e-con-full e-flex e-con e-parent\" data-id=\"26275a0\" data-element_type=\"container\" data-e-type=\"container\">\n\t\t<div class=\"elementor-element elementor-element-1d61ab3 e-flex e-con-boxed e-con e-child\" data-id=\"1d61ab3\" data-element_type=\"container\" data-e-type=\"container\" data-settings=\"{&quot;background_background&quot;:&quot;classic&quot;}\">\n\t\t\t\t\t<div class=\"e-con-inner\">\n\t\t\t\t<div class=\"elementor-element elementor-element-1f8de44 elementor-widget elementor-widget-heading\" data-id=\"1f8de44\" data-element_type=\"widget\" data-e-type=\"widget\" data-widget_type=\"heading.default\">\n\t\t\t\t<div class=\"elementor-widget-container\">\n\t\t\t\t\t<h2 class=\"elementor-heading-title elementor-size-default\">POL\u00cdTICA DE PRIVACITAT<\/h2>\t\t\t\t<\/div>\n\t\t\t\t<\/div>\n\t\t\t\t<div class=\"elementor-element elementor-element-36b5746 elementor-widget elementor-widget-text-editor\" data-id=\"36b5746\" data-element_type=\"widget\" data-e-type=\"widget\" data-widget_type=\"text-editor.default\">\n\t\t\t\t<div class=\"elementor-widget-container\">\n\t\t\t\t\t\t\t\t\t<p>Som una empresa en la qual la transpar\u00e8ncia en la informaci\u00f3 \u00e9s fonamental per a establir una relaci\u00f3 de confian\u00e7a amb les persones que formen el nostre projecte i amb els nostres prove\u00efdors i clients, sent la protecci\u00f3 de les dades personals de les persones que confien en nosaltres de vital import\u00e0ncia, per la qual cosa volem mitjan\u00e7ant la present Pol\u00edtica de privacitat informar-te de com recaptem i com tractem o utilitzem aquestes dades.<\/p><p>En aquesta pol\u00edtica de privacitat s&#8217;estableixen les bases sobre les quals l&#8217;empresa, tracta les dades de car\u00e0cter personal que volunt\u00e0riament ens faciliten els nostres usuaris a trav\u00e9s de la p\u00e0gina web.<\/p><p>Aquesta Pol\u00edtica sempre ser\u00e0 aplicable quan es facilitin dades a l&#8217;empresa, el qual ser\u00e0 responsable de les seves dades (Responsable del Tractament de les Dades), i a trav\u00e9s de qualsevol dels formularis de contacte o subscripci\u00f3 on es recullin dades de car\u00e0cter personal (nom, email, etc.).<\/p><h3>A QU\u00c8 ENS COMPROMETEM?<\/h3><div style=\"margin-bottom: 40px;\"><ul><li>A respectar la privacitat dels nostres usuaris i tractar les dades personals amb el consentiment d&#8217;aquests.<\/li><li>A tractar les dades personals que estrictament necessitem per a donar el servei sol\u00b7licitat, i tractar-los de manera segura i confidencial, prenent les mesures necess\u00e0ries per a evitar l&#8217;acc\u00e9s no autoritzat i l&#8217;\u00fas indegut d&#8217;aquests.<\/li><li>A no utilitzar les dades personals per a finalitats per a les quals no hem obtingut pr\u00e8viament el consentiment.<\/li><li>A no donar les dades personals a tercers ni compartir-los.<\/li><li>A conservar les dades personals durant el temps estrictament necessari per a la finalitat concreta per a la qual han estat proporcionats.<\/li><\/ul><h3>QUI \u00c9S EL RESPONSABLE DE LES TEVES DADES PERSONALS?<\/h3><p>Nom de l&#8217;empresa: INTASGES, S.L.P.<\/p><p>CIF: B60985686<\/p><p>Adre\u00e7a: Carrer Floridablanca, 136, 1r 2n, <\/p><p>Codi Postal: 08011<\/p><p>Localitat: Barcelona<\/p><p>Prov\u00edncia: Barcelona<\/p><p>Tel\u00e8fon: 934235264<\/p><p>Correu electr\u00f2nic: info@intasges.es<\/p><h3>QU\u00c8 \u00c9S UNA DADA PERSONAL I EL TRACTAMENT DE DADES PERSONALS?<\/h3><p><span style=\"font-size: 16px;\">Una dada personal \u00e9s tota informaci\u00f3 sobre una persona f\u00edsica identificada o identificable. Es considera persona f\u00edsica identificable tota persona la identitat de la qual pugui determinar-se directament o indirectament, en particular mitjan\u00e7ant un identificador, com per exemple un nom, un n\u00famero d&#8217;identificaci\u00f3, dades de localitzaci\u00f3, un identificador en l\u00ednia o un o diversos elements propis de la identitat f\u00edsica, fisiol\u00f2gica, gen\u00e8tica, ps\u00edquica, econ\u00f2mica, cultural o social d&#8217;aquesta persona.<\/span><\/p><\/div><div style=\"margin-bottom: 40px;\"><p>Aix\u00ed mateix, el tractament de dades personals implica qualsevol operaci\u00f3 o conjunt d&#8217;operacions realitzades sobre dades personals o conjunts de dades personals, ja sigui per procediments automatitzats o no, com la recollida, registre, organitzaci\u00f3, estructuraci\u00f3, conservaci\u00f3, adaptaci\u00f3 o modificaci\u00f3, extracci\u00f3, consulta, utilitzaci\u00f3, comunicaci\u00f3 per transmissi\u00f3, difusi\u00f3 o qualsevol altra forma d&#8217;habilitaci\u00f3 d&#8217;acc\u00e9s, acarament o interconnexi\u00f3, limitaci\u00f3, supressi\u00f3 o destrucci\u00f3.<\/p><\/div><div style=\"margin-bottom: 40px;\"><h3>QUIN TRACTAMENT REALITZEM SOBRE LES SEVES DADES PERSONALS I PER A QUINES FINALITATS?<\/h3><ul><li><strong><strong>Sol\u00b7licitud d&#8217;informaci\u00f3 per part de l&#8217;usuari:<br><\/strong><\/strong><p>Gestionar la sol\u00b7licitud d&#8217;informaci\u00f3 remesa per part de l&#8217;usuari a trav\u00e9s del formulari de contacte i\/o l&#8217;adre\u00e7a de correu electr\u00f2nic, correu postal i\/o n\u00famero de tel\u00e8fon facilitat a trav\u00e9s del lloc web.<\/p><\/li><li><strong><strong>Subscripci\u00f3 a newsletter:<br><\/strong><\/strong><p>Gestionar la subscripci\u00f3 a l&#8217;enviament de newsletter<\/p><\/li><li><strong>Treballar amb nosaltres mitjan\u00e7ant l&#8217;enviament del curr\u00edculum:<br><\/strong><p>Gesti\u00f3 dels CV rebuts a trav\u00e9s del formulari disponible en el lloc web.<\/p><\/li><li><strong><strong>Alta i acc\u00e9s al perfil d&#8217;usuari:<br><\/strong><\/strong><p>Gesti\u00f3 de l&#8217;alta i de l&#8217;acc\u00e9s al portal d&#8217;usuari mitjan\u00e7ant el corresponent compte d&#8217;usuari i contrasenya.<\/p><\/li><li><strong><strong>Gesti\u00f3 dels comentaris en el blog:<br><\/strong><\/strong><p>Gestionar l&#8217;enviament i recepci\u00f3 dels comentaris que l&#8217;usuari hagi deixat en el blog.<\/p><\/li><\/ul><\/div><div style=\"margin-bottom: 40px;\"><h3>QUINES DADES PERSONALS CAPTEM?<\/h3><p>A trav\u00e9s de la nostra p\u00e0gina web podem recaptar dades personals per a diferents finalitats:<\/p><ul><li><strong><strong>Sol\u00b7licitud d&#8217;informaci\u00f3 per part de l&#8217;usuari:<br><\/strong><\/strong><p>Captarem aquelles dades personals que ens hagi facilitat amb motiu de la consulta plantejada.<\/p><\/li><li><strong>Subscripci\u00f3 a newsletter:<br><\/strong><p>Captarem la seva adre\u00e7a de correu electr\u00f2nic.<\/p><\/li><li><strong><strong>Treballa amb nosaltres mitjan\u00e7ant l&#8217;enviament de curr\u00edculum:<br><\/strong><\/strong><p>Captarem la informaci\u00f3 continguda en el CV que ens hagi facilitat.s haya facilitado.<\/p><\/li><li><strong><strong>Alta i acc\u00e9s al perfil d&#8217;usuari:<br><\/strong><\/strong><p>Nom d&#8217;usuari i contrasenya, aix\u00ed com qualsevol altra dada que s&#8217;hagi facilitat amb la finalitat de crear el compte o perfil.<\/p><\/li><li><strong>Gesti\u00f3 dels comentaris en el blog:<\/strong><p>Qualsevol dada que s&#8217;hagi facilitat en publicar el corresponent comentari.<\/p><\/li><\/ul><p>Depenent de la finalitat per a la qual s&#8217;aporten les dades, seran requerits les dades estrictament necess\u00e0ries. \u00c9s important que l&#8217;usuari sigui conscient de les dades que aporta i la finalitat per a la qual ho fa perqu\u00e8 en el moment que els facilita, est\u00e0 acceptant que recopilem, emmagatzemem i usem aquestes dades per a la finalitat requerida, podent en qualsevol moment retirar el consentiment prestat pels llits oportuns sent el consentiment de l&#8217;interessat la base legal i legitimaci\u00f3 per al tractament de les seves dades personals.<\/p><\/div><div style=\"margin-bottom: 40px;\"><h3>QUINA \u00c9S LA LEGITIMACI\u00d3 PER AL TRACTAMENT DE LES DADES PERSONALS?<\/h3><p>D&#8217;acord amb la normativa vigent en mat\u00e8ria de protecci\u00f3 de dades, necessitem una base de legitimaci\u00f3 per al tractament de les seves dades personals. La base de legitimaci\u00f3 \u00e9s el seu consentiment.<\/p><\/div><div style=\"margin-bottom: 40px;\"><h3>QUINS DRETS T\u00c9 SOBRE LES DADES PERSONALS APORTADES?<\/h3><p>Com a usuari, pot exercitar els seg\u00fcents drets:<\/p><ul><li><u>Dret d&#8217;acc\u00e9s<\/u>: T\u00e9 dret a obtenir per part de l&#8217;empresa confirmaci\u00f3 de si s&#8217;estan tractant o no les seves dades personals que, i si \u00e9s el cas, quines dades tracta.<\/li><li><u>Dret de rectificaci\u00f3<\/u>: T\u00e9 dret a obtenir per part de INTASGES, SLP , la rectificaci\u00f3 de les dades personals inexactes que el concerneixin. En la sol\u00b7licitud de rectificaci\u00f3 haur\u00e0 d&#8217;indicar les dades que desitja que es modifiquin.<\/li><li><u>Dret d&#8217;oposici\u00f3<\/u>: T\u00e9 dret a oposar-se en qualsevol moment, per motius relacionats amb la seva situaci\u00f3 particular, al fet que dades personals que el concerneixin siguin objecte d&#8217;un tractament basat en l&#8217;inter\u00e8s leg\u00edtim de l&#8217;empresa. En aquest cas, l&#8217;empresa deixar\u00e0 de tractar les dades personals, tret que acreditem motius leg\u00edtims imperiosos per al tractament que prevalguin sobre els seus interessos, drets i llibertats, o per a la formulaci\u00f3, l&#8217;exercici o la defensa de reclamacions.<\/li><li><u>Dret de supressi\u00f3<\/u>: T\u00e9 dret a obtenir per part de INTASGES, SLP , la supressi\u00f3 de les dades personals que el concerneixin.<\/li><li><u>Dret a la portabilitat de les dades<\/u>: T\u00e9 dret al fet que l&#8217;empresa transfereixi les seves dades personals a un altre responsable del tractament. Nom\u00e9s \u00e9s possible exercir aquest dret quan el tractament estigui basat en l&#8217;execuci\u00f3 d&#8217;un contracte o en el seu consentiment i el tractament es realitzi per mitjans automatitzats.<\/li><li><u>Dret a la limitaci\u00f3 del tractament<\/u>: T\u00e9 dret a sol\u00b7licitar-nos que suspenguem el tractament de les seves dades quan: impugni l&#8217;exactitud de les dades, mentre INTASGES, SLP verifica aquesta exactitud; hagi exercit el dret d&#8217;oposici\u00f3 al tractament de les seves dades, mentre que es verifica si els motius leg\u00edtims de INTASGES, SLP prevalen sobre els seus com a interessat.<\/li><\/ul><p>En qualsevol moment, podr\u00e0 exercitar aquests Drets, mitjan\u00e7ant un escrit i acreditant la seva personalitat dirigit al responsable del tractament a l&#8217;adre\u00e7a assenyalada anteriorment, o a trav\u00e9s de l&#8217;adre\u00e7a de correu electr\u00f2nic: GERARD.AGUILAR@INTASGES.ES.<\/p><p>A m\u00e9s, podr\u00e0 presentar una reclamaci\u00f3 davant l&#8217;autoritat de control, en aquest cas, l&#8217;Ag\u00e8ncia Espanyola de Protecci\u00f3 de Dades, si considera que el tractament de dades personals infringeix la legislaci\u00f3 aplicable.<\/p><\/div><div style=\"margin-bottom: 40px;\"><h3>SEGURETAT I EMMAGATZEMATGE DE LES DADES<\/h3><p>Mantindrem les dades durant el temps estrictament necessari per a la prestaci\u00f3 del servei sol\u00b7licitat i mentre el titular no sol\u00b7liciti la seva eliminaci\u00f3, adoptant les mesures adequades de car\u00e0cter t\u00e8cnic i organitzatiu contra el tractament no autoritzat o il\u00b7l\u00edcit i contra la seva p\u00e8rdua, destrucci\u00f3 o mal accidentals, fent tot el possible per protegir-los i mantenir-los de manera segura.<\/p><\/div><div style=\"margin-bottom: 40px;\"><h3>QUINES DADES PERSONALS COMPARTIM AMB TERCERS?<\/h3><p>No es preveuen cessions de dades excepte en aquells casos en qu\u00e8 existeixi una obligaci\u00f3 legal o comunicaci\u00f3 necess\u00e0ria per a poder prestar-li el servei sol\u00b7licitat adequadament. No hi ha previsi\u00f3 de transfer\u00e8ncies de dades internacionals.<\/p><\/div>\t\t\t\t\t\t\t\t<\/div>\n\t\t\t\t<\/div>\n\t\t\t\t\t<\/div>\n\t\t\t\t<\/div>\n\t\t\t\t<\/div>\n\t\t\t\t<\/div>\n\t\t","protected":false},"excerpt":{"rendered":"<p>POL\u00cdTICA DE PRIVACITAT Som una empresa en la qual la transpar\u00e8ncia en la informaci\u00f3 \u00e9s fonamental per a establir una [&hellip;]<\/p>\n","protected":false},"author":1,"featured_media":0,"parent":0,"menu_order":0,"comment_status":"closed","ping_status":"closed","template":"","meta":{"site-sidebar-layout":"no-sidebar","site-content-layout":"","ast-site-content-layout":"full-width-container","site-content-style":"default","site-sidebar-style":"default","ast-global-header-display":"","ast-banner-title-visibility":"","ast-main-header-display":"","ast-hfb-above-header-display":"","ast-hfb-below-header-display":"","ast-hfb-mobile-header-display":"","site-post-title":"disabled","ast-breadcrumbs-content":"","ast-featured-img":"disabled","footer-sml-layout":"","theme-transparent-header-meta":"","adv-header-id-meta":"","stick-header-meta":"","header-above-stick-meta":"","header-main-stick-meta":"","header-below-stick-meta":"","astra-migrate-meta-layouts":"default","ast-page-background-enabled":"default","ast-page-background-meta":{"desktop":{"background-color":"var(--ast-global-color-4)","background-image":"","background-repeat":"repeat","background-position":"center center","background-size":"auto","background-attachment":"scroll","background-type":"","background-media":"","overlay-type":"","overlay-color":"","overlay-opacity":"","overlay-gradient":""},"tablet":{"background-color":"","background-image":"","background-repeat":"repeat","background-position":"center center","background-size":"auto","background-attachment":"scroll","background-type":"","background-media":"","overlay-type":"","overlay-color":"","overlay-opacity":"","overlay-gradient":""},"mobile":{"background-color":"","background-image":"","background-repeat":"repeat","background-position":"center center","background-size":"auto","background-attachment":"scroll","background-type":"","background-media":"","overlay-type":"","overlay-color":"","overlay-opacity":"","overlay-gradient":""}},"ast-content-background-meta":{"desktop":{"background-color":"var(--ast-global-color-5)","background-image":"","background-repeat":"repeat","background-position":"center center","background-size":"auto","background-attachment":"scroll","background-type":"","background-media":"","overlay-type":"","overlay-color":"","overlay-opacity":"","overlay-gradient":""},"tablet":{"background-color":"var(--ast-global-color-5)","background-image":"","background-repeat":"repeat","background-position":"center center","background-size":"auto","background-attachment":"scroll","background-type":"","background-media":"","overlay-type":"","overlay-color":"","overlay-opacity":"","overlay-gradient":""},"mobile":{"background-color":"var(--ast-global-color-5)","background-image":"","background-repeat":"repeat","background-position":"center center","background-size":"auto","background-attachment":"scroll","background-type":"","background-media":"","overlay-type":"","overlay-color":"","overlay-opacity":"","overlay-gradient":""}},"footnotes":""},"class_list":["post-1094","page","type-page","status-publish","hentry"],"yoast_head":"<!-- This site is optimized with the Yoast SEO plugin v27.1.1 - https:\/\/yoast.com\/product\/yoast-seo-wordpress\/ -->\n<title>Pol\u00edtica de Privacitat - Intasges<\/title>\n<meta name=\"robots\" content=\"index, follow, max-snippet:-1, max-image-preview:large, max-video-preview:-1\" \/>\n<link rel=\"canonical\" href=\"https:\/\/intasges.com\/ca\/politica-de-privacitat\/\" \/>\n<meta property=\"og:locale\" content=\"ca_ES\" \/>\n<meta property=\"og:type\" content=\"article\" \/>\n<meta property=\"og:title\" content=\"Pol\u00edtica de Privacitat - Intasges\" \/>\n<meta property=\"og:description\" content=\"POL\u00cdTICA DE PRIVACITAT Som una empresa en la qual la transpar\u00e8ncia en la informaci\u00f3 \u00e9s fonamental per a establir una [&hellip;]\" \/>\n<meta property=\"og:url\" content=\"https:\/\/intasges.com\/ca\/politica-de-privacitat\/\" \/>\n<meta property=\"og:site_name\" content=\"Intasges\" \/>\n<meta property=\"article:modified_time\" content=\"2025-04-22T12:21:58+00:00\" \/>\n<meta name=\"twitter:card\" content=\"summary_large_image\" \/>\n<meta name=\"twitter:label1\" content=\"Temps estimat de lectura\" \/>\n\t<meta name=\"twitter:data1\" content=\"12 minuts\" \/>\n<script type=\"application\/ld+json\" class=\"yoast-schema-graph\">{\"@context\":\"https:\/\/schema.org\",\"@graph\":[{\"@type\":\"WebPage\",\"@id\":\"https:\/\/intasges.com\/ca\/politica-de-privacitat\/\",\"url\":\"https:\/\/intasges.com\/ca\/politica-de-privacitat\/\",\"name\":\"Pol\u00edtica de Privacitat - Intasges\",\"isPartOf\":{\"@id\":\"https:\/\/intasges.com\/#website\"},\"datePublished\":\"2024-03-28T10:53:20+00:00\",\"dateModified\":\"2025-04-22T12:21:58+00:00\",\"breadcrumb\":{\"@id\":\"https:\/\/intasges.com\/ca\/politica-de-privacitat\/#breadcrumb\"},\"inLanguage\":\"ca\",\"potentialAction\":[{\"@type\":\"ReadAction\",\"target\":[\"https:\/\/intasges.com\/ca\/politica-de-privacitat\/\"]}]},{\"@type\":\"BreadcrumbList\",\"@id\":\"https:\/\/intasges.com\/ca\/politica-de-privacitat\/#breadcrumb\",\"itemListElement\":[{\"@type\":\"ListItem\",\"position\":1,\"name\":\"Home\",\"item\":\"https:\/\/intasges.com\/ca\/inici\/\"},{\"@type\":\"ListItem\",\"position\":2,\"name\":\"Pol\u00edtica de Privacitat\"}]},{\"@type\":\"WebSite\",\"@id\":\"https:\/\/intasges.com\/#website\",\"url\":\"https:\/\/intasges.com\/\",\"name\":\"Intasges\",\"description\":\"\",\"potentialAction\":[{\"@type\":\"SearchAction\",\"target\":{\"@type\":\"EntryPoint\",\"urlTemplate\":\"https:\/\/intasges.com\/?s={search_term_string}\"},\"query-input\":{\"@type\":\"PropertyValueSpecification\",\"valueRequired\":true,\"valueName\":\"search_term_string\"}}],\"inLanguage\":\"ca\"}]}<\/script>\n<!-- \/ Yoast SEO plugin. -->","yoast_head_json":{"title":"Pol\u00edtica de Privacitat - Intasges","robots":{"index":"index","follow":"follow","max-snippet":"max-snippet:-1","max-image-preview":"max-image-preview:large","max-video-preview":"max-video-preview:-1"},"canonical":"https:\/\/intasges.com\/ca\/politica-de-privacitat\/","og_locale":"ca_ES","og_type":"article","og_title":"Pol\u00edtica de Privacitat - Intasges","og_description":"POL\u00cdTICA DE PRIVACITAT Som una empresa en la qual la transpar\u00e8ncia en la informaci\u00f3 \u00e9s fonamental per a establir una [&hellip;]","og_url":"https:\/\/intasges.com\/ca\/politica-de-privacitat\/","og_site_name":"Intasges","article_modified_time":"2025-04-22T12:21:58+00:00","twitter_card":"summary_large_image","twitter_misc":{"Temps estimat de lectura":"12 minuts"},"schema":{"@context":"https:\/\/schema.org","@graph":[{"@type":"WebPage","@id":"https:\/\/intasges.com\/ca\/politica-de-privacitat\/","url":"https:\/\/intasges.com\/ca\/politica-de-privacitat\/","name":"Pol\u00edtica de Privacitat - Intasges","isPartOf":{"@id":"https:\/\/intasges.com\/#website"},"datePublished":"2024-03-28T10:53:20+00:00","dateModified":"2025-04-22T12:21:58+00:00","breadcrumb":{"@id":"https:\/\/intasges.com\/ca\/politica-de-privacitat\/#breadcrumb"},"inLanguage":"ca","potentialAction":[{"@type":"ReadAction","target":["https:\/\/intasges.com\/ca\/politica-de-privacitat\/"]}]},{"@type":"BreadcrumbList","@id":"https:\/\/intasges.com\/ca\/politica-de-privacitat\/#breadcrumb","itemListElement":[{"@type":"ListItem","position":1,"name":"Home","item":"https:\/\/intasges.com\/ca\/inici\/"},{"@type":"ListItem","position":2,"name":"Pol\u00edtica de Privacitat"}]},{"@type":"WebSite","@id":"https:\/\/intasges.com\/#website","url":"https:\/\/intasges.com\/","name":"Intasges","description":"","potentialAction":[{"@type":"SearchAction","target":{"@type":"EntryPoint","urlTemplate":"https:\/\/intasges.com\/?s={search_term_string}"},"query-input":{"@type":"PropertyValueSpecification","valueRequired":true,"valueName":"search_term_string"}}],"inLanguage":"ca"}]}},"_links":{"self":[{"href":"https:\/\/intasges.com\/ca\/wp-json\/wp\/v2\/pages\/1094","targetHints":{"allow":["GET"]}}],"collection":[{"href":"https:\/\/intasges.com\/ca\/wp-json\/wp\/v2\/pages"}],"about":[{"href":"https:\/\/intasges.com\/ca\/wp-json\/wp\/v2\/types\/page"}],"author":[{"embeddable":true,"href":"https:\/\/intasges.com\/ca\/wp-json\/wp\/v2\/users\/1"}],"replies":[{"embeddable":true,"href":"https:\/\/intasges.com\/ca\/wp-json\/wp\/v2\/comments?post=1094"}],"version-history":[{"count":5,"href":"https:\/\/intasges.com\/ca\/wp-json\/wp\/v2\/pages\/1094\/revisions"}],"predecessor-version":[{"id":1258,"href":"https:\/\/intasges.com\/ca\/wp-json\/wp\/v2\/pages\/1094\/revisions\/1258"}],"wp:attachment":[{"href":"https:\/\/intasges.com\/ca\/wp-json\/wp\/v2\/media?parent=1094"}],"curies":[{"name":"wp","href":"https:\/\/api.w.org\/{rel}","templated":true}]}}